{"id":2,"date":"2014-11-21T04:51:49","date_gmt":"2014-11-21T04:51:49","guid":{"rendered":"http:\/\/localhost\/wordpress-4.0.1\/wordpress\/?page_id=2"},"modified":"2018-03-05T10:54:04","modified_gmt":"2018-03-05T10:54:04","slug":"sample-page","status":"publish","type":"page","link":"https:\/\/www.plastreparationsbolaget.se\/","title":{"rendered":"Hem"},"content":{"rendered":"<div id=\"pl-2\"  class=\"panel-layout\" ><div id=\"pg-2-0\"  class=\"panel-grid panel-no-style\" ><div id=\"pgc-2-0-0\"  class=\"panel-grid-cell panel-grid-cell-empty\" ><\/div><div id=\"pgc-2-0-1\"  class=\"panel-grid-cell panel-grid-cell-mobile-last\" ><div id=\"panel-2-0-1-0\" class=\"so-panel widget widget_black-studio-tinymce widget_black_studio_tinymce panel-first-child panel-last-child\" data-index=\"0\" ><h3 class=\"widget-title\">V\u00e5ra tj\u00e4nster<\/h3><div class=\"textwidget\"><\/div><\/div><\/div><div id=\"pgc-2-0-2\"  class=\"panel-grid-cell panel-grid-cell-empty\" ><\/div><\/div><div id=\"pg-2-1\"  class=\"panel-grid panel-no-style\" ><div id=\"pgc-2-1-0\"  class=\"panel-grid-cell panel-grid-cell-empty\" ><\/div><div id=\"pgc-2-1-1\"  class=\"panel-grid-cell\" ><div id=\"panel-2-1-1-0\" class=\"so-panel widget widget_black-studio-tinymce widget_black_studio_tinymce panel-first-child panel-last-child\" data-index=\"1\" ><div class=\"textwidget\"><p>Vi utf\u00f6r plastreparationer och \u00e4r proffs p\u00e5 att reparera plastemballage och beh\u00e5llare inom avfallshantering, livsmedels-, lantbruks- och tillverkningsindustrin. Med l\u00e5ng erfarenhet s\u00e5 garanterar vi att lagningen blir t\u00e4t och h\u00e5ller lika bra som en ny produkt.<\/p>\n<p>Vi h\u00e4mtar\u00a0 och levererar emballaget! Det som inte g\u00e5r att reparera l\u00e4mnar vi till \u00e5tervinning. Allt f\u00f6r att g\u00f6ra det f\u00f6r kunden milj\u00f6m\u00e4ssigt mest effektivt. Vi kan \u00e4ven reparera p\u00e5 plats! <a href=\"https:\/\/plastreparationsbolaget.se\/?page_id=313\">Kontakta oss &gt;<\/a><\/p>\n<\/div><\/div><\/div><div id=\"pgc-2-1-2\"  class=\"panel-grid-cell panel-grid-cell-mobile-last\" ><div id=\"panel-2-1-2-0\" class=\"so-panel widget widget_media_image panel-first-child panel-last-child\" data-index=\"2\" ><img loading=\"lazy\" decoding=\"async\" width=\"528\" height=\"283\" src=\"https:\/\/www.plastreparationsbolaget.se\/wp-content\/uploads\/2014\/11\/image-2-e1511169920877.jpg\" class=\"image wp-image-16  attachment-full size-full\" alt=\"\" style=\"max-width: 100%; height: auto;\" srcset=\"https:\/\/www.plastreparationsbolaget.se\/wp-content\/uploads\/2014\/11\/image-2-e1511169920877.jpg 528w, https:\/\/www.plastreparationsbolaget.se\/wp-content\/uploads\/2014\/11\/image-2-e1511169920877-300x161.jpg 300w\" sizes=\"auto, (max-width: 528px) 100vw, 528px\" \/><\/div><\/div><div id=\"pgc-2-1-3\"  class=\"panel-grid-cell panel-grid-cell-empty\" ><\/div><\/div><div id=\"pg-2-2\"  class=\"panel-grid panel-no-style\" ><div id=\"pgc-2-2-0\"  class=\"panel-grid-cell panel-grid-cell-empty\" ><\/div><div id=\"pgc-2-2-1\"  class=\"panel-grid-cell panel-grid-cell-mobile-last\" ><div id=\"panel-2-2-1-0\" class=\"so-panel widget widget_black-studio-tinymce widget_black_studio_tinymce panel-first-child panel-last-child\" data-index=\"3\" ><h3 class=\"widget-title\">Reparera och \u00e5teranv\u00e4nda &#8211; f\u00f6r en l\u00e5ngsiktig h\u00e5llbar milj\u00f6!<\/h3><div class=\"textwidget\"><\/div><\/div><\/div><div id=\"pgc-2-2-2\"  class=\"panel-grid-cell panel-grid-cell-empty\" ><\/div><\/div><div id=\"pg-2-3\"  class=\"panel-grid panel-no-style\" ><div id=\"pgc-2-3-0\"  class=\"panel-grid-cell\" ><div id=\"panel-2-3-0-0\" class=\"so-panel widget widget_black-studio-tinymce widget_black_studio_tinymce panel-first-child\" data-index=\"4\" ><div class=\"textwidget\"><h4>Emballage<\/h4>\n<\/div><\/div><div id=\"panel-2-3-0-1\" class=\"so-panel widget widget_media_image\" data-index=\"5\" ><img loading=\"lazy\" decoding=\"async\" width=\"750\" height=\"563\" src=\"https:\/\/www.plastreparationsbolaget.se\/wp-content\/uploads\/2017\/10\/20171013_084123-1024x768.jpg\" class=\"image wp-image-42  attachment-large size-large\" alt=\"\" style=\"max-width: 100%; height: auto;\" srcset=\"https:\/\/www.plastreparationsbolaget.se\/wp-content\/uploads\/2017\/10\/20171013_084123-1024x768.jpg 1024w, https:\/\/www.plastreparationsbolaget.se\/wp-content\/uploads\/2017\/10\/20171013_084123-300x225.jpg 300w, https:\/\/www.plastreparationsbolaget.se\/wp-content\/uploads\/2017\/10\/20171013_084123-768x576.jpg 768w\" sizes=\"auto, (max-width: 750px) 100vw, 750px\" \/><\/div><div id=\"panel-2-3-0-2\" class=\"so-panel widget widget_black-studio-tinymce widget_black_studio_tinymce panel-last-child\" data-index=\"6\" ><div class=\"textwidget\"><p>Vi reparerar halv- och helpall, klaffboxar, pallboxar och alla m\u00f6jliga lastb\u00e4rare inom industrin. Vi kan \u00e4ven bygga lastb\u00e4rare i sm\u00e5 serier.<\/p>\n<p>Har du trasiga plastprodukter som beh\u00f6ver repareras? Vi hj\u00e4lper dig!<\/p>\n<\/div><\/div><\/div><div id=\"pgc-2-3-1\"  class=\"panel-grid-cell\" ><div id=\"panel-2-3-1-0\" class=\"so-panel widget widget_black-studio-tinymce widget_black_studio_tinymce panel-first-child\" data-index=\"7\" ><div class=\"textwidget\"><h4>Avfallsbeh\u00e5llare<\/h4>\n<\/div><\/div><div id=\"panel-2-3-1-1\" class=\"so-panel widget widget_media_image\" data-index=\"8\" ><img loading=\"lazy\" decoding=\"async\" width=\"512\" height=\"384\" src=\"https:\/\/www.plastreparationsbolaget.se\/wp-content\/uploads\/2014\/11\/Grupp.jpg\" class=\"image wp-image-384  attachment-full size-full\" alt=\"\" style=\"max-width: 100%; height: auto;\" srcset=\"https:\/\/www.plastreparationsbolaget.se\/wp-content\/uploads\/2014\/11\/Grupp.jpg 512w, https:\/\/www.plastreparationsbolaget.se\/wp-content\/uploads\/2014\/11\/Grupp-300x225.jpg 300w\" sizes=\"auto, (max-width: 512px) 100vw, 512px\" \/><\/div><div id=\"panel-2-3-1-2\" class=\"so-panel widget widget_black-studio-tinymce widget_black_studio_tinymce panel-last-child\" data-index=\"9\" ><div class=\"textwidget\"><p>Vi reparerar soptunnor och batteriboxar till avfallshantering.<\/p>\n<p>Har du trasiga soptunnor som beh\u00f6ver repareras? Vi hj\u00e4lper dig!<\/p>\n<p>Vi s\u00e4ljer \u00e4ven b\u00e4ttre begagnade soptunnor. <a href=\"https:\/\/soptunna.se\/\">L\u00e4s mera &gt;<\/a><\/p>\n<\/div><\/div><\/div><div id=\"pgc-2-3-2\"  class=\"panel-grid-cell\" ><div id=\"panel-2-3-2-0\" class=\"so-panel widget widget_black-studio-tinymce widget_black_studio_tinymce panel-first-child\" data-index=\"10\" ><div class=\"textwidget\"><h4>Plasttankar<\/h4>\n<\/div><\/div><div id=\"panel-2-3-2-1\" class=\"so-panel widget widget_media_image\" data-index=\"11\" ><img loading=\"lazy\" decoding=\"async\" width=\"750\" height=\"562\" src=\"https:\/\/www.plastreparationsbolaget.se\/wp-content\/uploads\/2017\/11\/Traktor2-1024x767.jpg\" class=\"image wp-image-1073  attachment-large size-large\" alt=\"\" style=\"max-width: 100%; height: auto;\" srcset=\"https:\/\/www.plastreparationsbolaget.se\/wp-content\/uploads\/2017\/11\/Traktor2-1024x767.jpg 1024w, https:\/\/www.plastreparationsbolaget.se\/wp-content\/uploads\/2017\/11\/Traktor2-300x225.jpg 300w, https:\/\/www.plastreparationsbolaget.se\/wp-content\/uploads\/2017\/11\/Traktor2-768x575.jpg 768w\" sizes=\"auto, (max-width: 750px) 100vw, 750px\" \/><\/div><div id=\"panel-2-3-2-2\" class=\"so-panel widget widget_black-studio-tinymce widget_black_studio_tinymce panel-last-child\" data-index=\"12\" ><div class=\"textwidget\"><p>Vi reparerar sprickor och h\u00e5l i s\u00e5v\u00e4l vatten-, diesel-, adblue- som besprutningstankar. Vi bygger \u00e4ven om tankar och kompletterar med luftningsanordningar vid behov. Vi g\u00f6r denna lagning p\u00e5 plats hos er f\u00f6r en snabb och okomplicerad reparation.\u00a0<\/p>\n<p>Har du trasiga plasttankar som beh\u00f6ver repareras? Vi hj\u00e4lper dig!\u00a0<br \/><a href=\"https:\/\/plastreparationsbolaget.se\/?page_id=424\">L\u00e4s mer &gt;<\/a><\/p>\n<\/div><\/div><\/div><\/div><\/div>","protected":false},"excerpt":{"rendered":"<p>Vi utf\u00f6r plastreparationer och \u00e4r proffs p\u00e5 att reparera plastemballage och beh\u00e5llare inom avfallshantering, livsmedels-, lantbruks- och tillverkningsindustrin. Med l\u00e5ng erfarenhet s\u00e5 garanterar vi att lagningen blir t\u00e4t och h\u00e5ller lika bra som en ny produkt.Vi h\u00e4mtar\u00a0 och levererar emballaget!<\/p>\n","protected":false},"author":1,"featured_media":0,"parent":0,"menu_order":0,"comment_status":"closed","ping_status":"closed","template":"","meta":{"footnotes":""},"class_list":["post-2","page","type-page","status-publish","hentry"],"_links":{"self":[{"href":"https:\/\/www.plastreparationsbolaget.se\/index.php?rest_route=\/wp\/v2\/pages\/2","targetHints":{"allow":["GET"]}}],"collection":[{"href":"https:\/\/www.plastreparationsbolaget.se\/index.php?rest_route=\/wp\/v2\/pages"}],"about":[{"href":"https:\/\/www.plastreparationsbolaget.se\/index.php?rest_route=\/wp\/v2\/types\/page"}],"author":[{"embeddable":true,"href":"https:\/\/www.plastreparationsbolaget.se\/index.php?rest_route=\/wp\/v2\/users\/1"}],"replies":[{"embeddable":true,"href":"https:\/\/www.plastreparationsbolaget.se\/index.php?rest_route=%2Fwp%2Fv2%2Fcomments&post=2"}],"version-history":[{"count":286,"href":"https:\/\/www.plastreparationsbolaget.se\/index.php?rest_route=\/wp\/v2\/pages\/2\/revisions"}],"predecessor-version":[{"id":1215,"href":"https:\/\/www.plastreparationsbolaget.se\/index.php?rest_route=\/wp\/v2\/pages\/2\/revisions\/1215"}],"wp:attachment":[{"href":"https:\/\/www.plastreparationsbolaget.se\/index.php?rest_route=%2Fwp%2Fv2%2Fmedia&parent=2"}],"curies":[{"name":"wp","href":"https:\/\/api.w.org\/{rel}","templated":true}]}}