{"id":424,"date":"2017-10-19T09:23:50","date_gmt":"2017-10-19T09:23:50","guid":{"rendered":"http:\/\/plastreparationsbolaget.se\/?page_id=424"},"modified":"2017-11-20T15:02:13","modified_gmt":"2017-11-20T15:02:13","slug":"vara-tjanster","status":"publish","type":"page","link":"https:\/\/www.plastreparationsbolaget.se\/?page_id=424","title":{"rendered":"V\u00e5ra uppdrag"},"content":{"rendered":"<div id=\"pl-424\"  class=\"panel-layout\" ><div id=\"pg-424-0\"  class=\"panel-grid panel-has-style\" ><div class=\"panel-row-style panel-row-style-for-424-0\" ><div id=\"pgc-424-0-0\"  class=\"panel-grid-cell panel-grid-cell-empty\" ><\/div><div id=\"pgc-424-0-1\"  class=\"panel-grid-cell\" ><div id=\"panel-424-0-1-0\" class=\"so-panel widget widget_media_image panel-first-child panel-last-child\" data-index=\"0\" ><img loading=\"lazy\" decoding=\"async\" width=\"480\" height=\"480\" src=\"https:\/\/www.plastreparationsbolaget.se\/wp-content\/uploads\/2017\/11\/8480-tank-3-e1511188526663.jpg\" class=\"image wp-image-1099  attachment-full size-full\" alt=\"\" style=\"max-width: 100%; height: auto;\" srcset=\"https:\/\/www.plastreparationsbolaget.se\/wp-content\/uploads\/2017\/11\/8480-tank-3-e1511188526663.jpg 480w, https:\/\/www.plastreparationsbolaget.se\/wp-content\/uploads\/2017\/11\/8480-tank-3-e1511188526663-150x150.jpg 150w, https:\/\/www.plastreparationsbolaget.se\/wp-content\/uploads\/2017\/11\/8480-tank-3-e1511188526663-300x300.jpg 300w, https:\/\/www.plastreparationsbolaget.se\/wp-content\/uploads\/2017\/11\/8480-tank-3-e1511188526663-270x270.jpg 270w, https:\/\/www.plastreparationsbolaget.se\/wp-content\/uploads\/2017\/11\/8480-tank-3-e1511188526663-230x230.jpg 230w\" sizes=\"auto, (max-width: 480px) 100vw, 480px\" \/><\/div><\/div><div id=\"pgc-424-0-2\"  class=\"panel-grid-cell\" ><div id=\"panel-424-0-2-0\" class=\"so-panel widget widget_black-studio-tinymce widget_black_studio_tinymce panel-first-child panel-last-child\" data-index=\"1\" ><div class=\"textwidget\"><h4>Ombyggnad dieseltank MF 8450<\/h4>\n<p>En dieseltank var utsatt f\u00f6r skada vid extrem geringsman\u00f6ver. Ett problem som riskerade att skapa l\u00e4ckage p\u00e5 dieseltanken!<\/p>\n<p>F\u00f6r att l\u00f6sa problemet kapades en bit p\u00e5 dieseltanken och \u00f6ppningen st\u00e4ngdes igen med nytt material och t\u00e4tningsmassa. Jobbet gjordes p\u00e5 plats hos kunden i verkstaden.<\/p>\n<\/div><\/div><\/div><div id=\"pgc-424-0-3\"  class=\"panel-grid-cell panel-grid-cell-mobile-last\" ><div id=\"panel-424-0-3-0\" class=\"so-panel widget widget_media_image panel-first-child panel-last-child\" data-index=\"2\" ><img loading=\"lazy\" decoding=\"async\" width=\"480\" height=\"480\" src=\"https:\/\/www.plastreparationsbolaget.se\/wp-content\/uploads\/2017\/11\/8480-tank-1-e1511188611312.jpg\" class=\"image wp-image-1100  attachment-full size-full\" alt=\"\" style=\"max-width: 100%; height: auto;\" srcset=\"https:\/\/www.plastreparationsbolaget.se\/wp-content\/uploads\/2017\/11\/8480-tank-1-e1511188611312.jpg 480w, https:\/\/www.plastreparationsbolaget.se\/wp-content\/uploads\/2017\/11\/8480-tank-1-e1511188611312-150x150.jpg 150w, https:\/\/www.plastreparationsbolaget.se\/wp-content\/uploads\/2017\/11\/8480-tank-1-e1511188611312-300x300.jpg 300w, https:\/\/www.plastreparationsbolaget.se\/wp-content\/uploads\/2017\/11\/8480-tank-1-e1511188611312-270x270.jpg 270w, https:\/\/www.plastreparationsbolaget.se\/wp-content\/uploads\/2017\/11\/8480-tank-1-e1511188611312-230x230.jpg 230w\" sizes=\"auto, (max-width: 480px) 100vw, 480px\" \/><\/div><\/div><div id=\"pgc-424-0-4\"  class=\"panel-grid-cell panel-grid-cell-empty\" ><\/div><\/div><\/div><div id=\"pg-424-1\"  class=\"panel-grid panel-has-style\" ><div class=\"panel-row-style panel-row-style-for-424-1\" ><div id=\"pgc-424-1-0\"  class=\"panel-grid-cell panel-grid-cell-empty\" ><\/div><div id=\"pgc-424-1-1\"  class=\"panel-grid-cell\" ><div id=\"panel-424-1-1-0\" class=\"so-panel widget widget_media_image panel-first-child panel-last-child\" data-index=\"3\" ><img loading=\"lazy\" decoding=\"async\" width=\"1996\" height=\"1996\" src=\"https:\/\/www.plastreparationsbolaget.se\/wp-content\/uploads\/2017\/11\/DSC_08962-e1511186281383.jpg\" class=\"image wp-image-1096  attachment-full size-full\" alt=\"\" style=\"max-width: 100%; height: auto;\" srcset=\"https:\/\/www.plastreparationsbolaget.se\/wp-content\/uploads\/2017\/11\/DSC_08962-e1511186281383.jpg 1996w, https:\/\/www.plastreparationsbolaget.se\/wp-content\/uploads\/2017\/11\/DSC_08962-e1511186281383-150x150.jpg 150w, https:\/\/www.plastreparationsbolaget.se\/wp-content\/uploads\/2017\/11\/DSC_08962-e1511186281383-300x300.jpg 300w, https:\/\/www.plastreparationsbolaget.se\/wp-content\/uploads\/2017\/11\/DSC_08962-e1511186281383-768x768.jpg 768w, https:\/\/www.plastreparationsbolaget.se\/wp-content\/uploads\/2017\/11\/DSC_08962-e1511186281383-1024x1024.jpg 1024w, https:\/\/www.plastreparationsbolaget.se\/wp-content\/uploads\/2017\/11\/DSC_08962-e1511186281383-270x270.jpg 270w, https:\/\/www.plastreparationsbolaget.se\/wp-content\/uploads\/2017\/11\/DSC_08962-e1511186281383-230x230.jpg 230w\" sizes=\"auto, (max-width: 1996px) 100vw, 1996px\" \/><\/div><\/div><div id=\"pgc-424-1-2\"  class=\"panel-grid-cell\" ><div id=\"panel-424-1-2-0\" class=\"so-panel widget widget_black-studio-tinymce widget_black_studio_tinymce panel-first-child panel-last-child\" data-index=\"4\" ><div class=\"textwidget\"><h4>Ombyggnad dieseltank JD<\/h4>\n<p>Vid extrem geringsman\u00f6ver\u00a0 p\u00e5 en dubbelhjulad traktor skavdes\u00a0 dieseltanken. Ett problem som riskerade att skapa l\u00e4ckage p\u00e5 dieseltanken!<\/p>\n<p>F\u00f6r att l\u00f6sa problemet kapades en bit p\u00e5 dieseltanken och \u00f6ppningen st\u00e4ngdes igen med nytt material och t\u00e4tningsmassa. Jobbet gjordes p\u00e5 plats hos kunden i verkstaden.<\/p>\n<\/div><\/div><\/div><div id=\"pgc-424-1-3\"  class=\"panel-grid-cell panel-grid-cell-mobile-last\" ><div id=\"panel-424-1-3-0\" class=\"so-panel widget widget_media_image panel-first-child panel-last-child\" data-index=\"5\" ><img loading=\"lazy\" decoding=\"async\" width=\"1996\" height=\"1996\" src=\"https:\/\/www.plastreparationsbolaget.se\/wp-content\/uploads\/2017\/11\/DSC_0903-e1511184966601.jpg\" class=\"image wp-image-1091  attachment-full size-full\" alt=\"\" style=\"max-width: 100%; height: auto;\" srcset=\"https:\/\/www.plastreparationsbolaget.se\/wp-content\/uploads\/2017\/11\/DSC_0903-e1511184966601.jpg 1996w, https:\/\/www.plastreparationsbolaget.se\/wp-content\/uploads\/2017\/11\/DSC_0903-e1511184966601-150x150.jpg 150w, https:\/\/www.plastreparationsbolaget.se\/wp-content\/uploads\/2017\/11\/DSC_0903-e1511184966601-300x300.jpg 300w, https:\/\/www.plastreparationsbolaget.se\/wp-content\/uploads\/2017\/11\/DSC_0903-e1511184966601-768x768.jpg 768w, https:\/\/www.plastreparationsbolaget.se\/wp-content\/uploads\/2017\/11\/DSC_0903-e1511184966601-1024x1024.jpg 1024w, https:\/\/www.plastreparationsbolaget.se\/wp-content\/uploads\/2017\/11\/DSC_0903-e1511184966601-270x270.jpg 270w, https:\/\/www.plastreparationsbolaget.se\/wp-content\/uploads\/2017\/11\/DSC_0903-e1511184966601-230x230.jpg 230w\" sizes=\"auto, (max-width: 1996px) 100vw, 1996px\" \/><\/div><\/div><div id=\"pgc-424-1-4\"  class=\"panel-grid-cell panel-grid-cell-empty\" ><\/div><\/div><\/div><div id=\"pg-424-2\"  class=\"panel-grid panel-has-style\" ><div class=\"panel-row-style panel-row-style-for-424-2\" ><div id=\"pgc-424-2-0\"  class=\"panel-grid-cell panel-grid-cell-empty\" ><\/div><div id=\"pgc-424-2-1\"  class=\"panel-grid-cell\" ><div id=\"panel-424-2-1-0\" class=\"so-panel widget widget_media_image panel-first-child panel-last-child\" data-index=\"6\" ><img loading=\"lazy\" decoding=\"async\" width=\"2000\" height=\"2000\" src=\"https:\/\/www.plastreparationsbolaget.se\/wp-content\/uploads\/2017\/10\/DSC_0421-e1511180072393.jpg\" class=\"image wp-image-496  attachment-full size-full\" alt=\"\" style=\"max-width: 100%; height: auto;\" srcset=\"https:\/\/www.plastreparationsbolaget.se\/wp-content\/uploads\/2017\/10\/DSC_0421-e1511180072393.jpg 2000w, https:\/\/www.plastreparationsbolaget.se\/wp-content\/uploads\/2017\/10\/DSC_0421-e1511180072393-150x150.jpg 150w, https:\/\/www.plastreparationsbolaget.se\/wp-content\/uploads\/2017\/10\/DSC_0421-e1511180072393-300x300.jpg 300w, https:\/\/www.plastreparationsbolaget.se\/wp-content\/uploads\/2017\/10\/DSC_0421-e1511180072393-768x768.jpg 768w, https:\/\/www.plastreparationsbolaget.se\/wp-content\/uploads\/2017\/10\/DSC_0421-e1511180072393-1024x1024.jpg 1024w, https:\/\/www.plastreparationsbolaget.se\/wp-content\/uploads\/2017\/10\/DSC_0421-e1511180072393-270x270.jpg 270w, https:\/\/www.plastreparationsbolaget.se\/wp-content\/uploads\/2017\/10\/DSC_0421-e1511180072393-230x230.jpg 230w\" sizes=\"auto, (max-width: 2000px) 100vw, 2000px\" \/><\/div><\/div><div id=\"pgc-424-2-2\"  class=\"panel-grid-cell\" ><div id=\"panel-424-2-2-0\" class=\"so-panel widget widget_black-studio-tinymce widget_black_studio_tinymce panel-first-child panel-last-child\" data-index=\"7\" ><div class=\"textwidget\"><h4>Niv\u00e5r\u00f6r till dieseltank JD<\/h4>\n<p>Vid tankning var det sv\u00e5rt att se niv\u00e5n p\u00e5\u00a0 dieseln i tanken, vilket medf\u00f6rde \u00f6verrinning!<\/p>\n<p>Ett niv\u00e5r\u00f6r installerades som underl\u00e4ttar tankningen utan spill. Jobbet gjordes p\u00e5 plats hos kunden i verkstaden.<\/p>\n<\/div><\/div><\/div><div id=\"pgc-424-2-3\"  class=\"panel-grid-cell panel-grid-cell-mobile-last\" ><div id=\"panel-424-2-3-0\" class=\"so-panel widget widget_media_image panel-first-child panel-last-child\" data-index=\"8\" ><img loading=\"lazy\" decoding=\"async\" width=\"1996\" height=\"1996\" src=\"https:\/\/www.plastreparationsbolaget.se\/wp-content\/uploads\/2014\/11\/DSC_0417-e1511180166540.jpg\" class=\"image wp-image-52  attachment-full size-full\" alt=\"\" style=\"max-width: 100%; height: auto;\" srcset=\"https:\/\/www.plastreparationsbolaget.se\/wp-content\/uploads\/2014\/11\/DSC_0417-e1511180166540.jpg 1996w, https:\/\/www.plastreparationsbolaget.se\/wp-content\/uploads\/2014\/11\/DSC_0417-e1511180166540-150x150.jpg 150w, https:\/\/www.plastreparationsbolaget.se\/wp-content\/uploads\/2014\/11\/DSC_0417-e1511180166540-300x300.jpg 300w, https:\/\/www.plastreparationsbolaget.se\/wp-content\/uploads\/2014\/11\/DSC_0417-e1511180166540-768x768.jpg 768w, https:\/\/www.plastreparationsbolaget.se\/wp-content\/uploads\/2014\/11\/DSC_0417-e1511180166540-1024x1024.jpg 1024w, https:\/\/www.plastreparationsbolaget.se\/wp-content\/uploads\/2014\/11\/DSC_0417-e1511180166540-270x270.jpg 270w, https:\/\/www.plastreparationsbolaget.se\/wp-content\/uploads\/2014\/11\/DSC_0417-e1511180166540-230x230.jpg 230w\" sizes=\"auto, (max-width: 1996px) 100vw, 1996px\" \/><\/div><\/div><div id=\"pgc-424-2-4\"  class=\"panel-grid-cell panel-grid-cell-empty\" ><\/div><\/div><\/div><div id=\"pg-424-3\"  class=\"panel-grid panel-has-style\" ><div class=\"panel-row-style panel-row-style-for-424-3\" ><div id=\"pgc-424-3-0\"  class=\"panel-grid-cell panel-grid-cell-empty\" ><\/div><div id=\"pgc-424-3-1\"  class=\"panel-grid-cell\" ><div id=\"panel-424-3-1-0\" class=\"so-panel widget widget_media_image panel-first-child panel-last-child\" data-index=\"9\" ><img loading=\"lazy\" decoding=\"async\" width=\"1996\" height=\"1996\" src=\"https:\/\/www.plastreparationsbolaget.se\/wp-content\/uploads\/2017\/11\/DSC_1182-e1511189892732.jpg\" class=\"image wp-image-1123  attachment-full size-full\" alt=\"\" style=\"max-width: 100%; height: auto;\" srcset=\"https:\/\/www.plastreparationsbolaget.se\/wp-content\/uploads\/2017\/11\/DSC_1182-e1511189892732.jpg 1996w, https:\/\/www.plastreparationsbolaget.se\/wp-content\/uploads\/2017\/11\/DSC_1182-e1511189892732-150x150.jpg 150w, https:\/\/www.plastreparationsbolaget.se\/wp-content\/uploads\/2017\/11\/DSC_1182-e1511189892732-300x300.jpg 300w, https:\/\/www.plastreparationsbolaget.se\/wp-content\/uploads\/2017\/11\/DSC_1182-e1511189892732-768x768.jpg 768w, https:\/\/www.plastreparationsbolaget.se\/wp-content\/uploads\/2017\/11\/DSC_1182-e1511189892732-1024x1024.jpg 1024w, https:\/\/www.plastreparationsbolaget.se\/wp-content\/uploads\/2017\/11\/DSC_1182-e1511189892732-270x270.jpg 270w, https:\/\/www.plastreparationsbolaget.se\/wp-content\/uploads\/2017\/11\/DSC_1182-e1511189892732-230x230.jpg 230w\" sizes=\"auto, (max-width: 1996px) 100vw, 1996px\" \/><\/div><\/div><div id=\"pgc-424-3-2\"  class=\"panel-grid-cell\" ><div id=\"panel-424-3-2-0\" class=\"so-panel widget widget_black-studio-tinymce widget_black_studio_tinymce panel-first-child panel-last-child\" data-index=\"10\" ><div class=\"textwidget\"><h4>Ombyggnad dieseltank MF 5455<\/h4>\n<p>En dieseltank var utsatt f\u00f6r skada vid extrem geringsman\u00f6ver. Ett problem som riskerade att skapa l\u00e4ckage p\u00e5 dieseltanken!<\/p>\n<p>F\u00f6r att l\u00f6sa problemet kapades en bit p\u00e5 dieseltanken och \u00f6ppningen st\u00e4ngdes igen med nytt material och t\u00e4tningsmassa. Jobbet gjordes p\u00e5 plats hos kunden i verkstaden.<\/p>\n<\/div><\/div><\/div><div id=\"pgc-424-3-3\"  class=\"panel-grid-cell panel-grid-cell-mobile-last\" ><div id=\"panel-424-3-3-0\" class=\"so-panel widget widget_media_image panel-first-child panel-last-child\" data-index=\"11\" ><img loading=\"lazy\" decoding=\"async\" width=\"1996\" height=\"1996\" src=\"https:\/\/www.plastreparationsbolaget.se\/wp-content\/uploads\/2017\/11\/DSC_1184-e1511189951232.jpg\" class=\"image wp-image-1125  attachment-full size-full\" alt=\"\" style=\"max-width: 100%; height: auto;\" srcset=\"https:\/\/www.plastreparationsbolaget.se\/wp-content\/uploads\/2017\/11\/DSC_1184-e1511189951232.jpg 1996w, https:\/\/www.plastreparationsbolaget.se\/wp-content\/uploads\/2017\/11\/DSC_1184-e1511189951232-150x150.jpg 150w, https:\/\/www.plastreparationsbolaget.se\/wp-content\/uploads\/2017\/11\/DSC_1184-e1511189951232-300x300.jpg 300w, https:\/\/www.plastreparationsbolaget.se\/wp-content\/uploads\/2017\/11\/DSC_1184-e1511189951232-768x768.jpg 768w, https:\/\/www.plastreparationsbolaget.se\/wp-content\/uploads\/2017\/11\/DSC_1184-e1511189951232-1024x1024.jpg 1024w, https:\/\/www.plastreparationsbolaget.se\/wp-content\/uploads\/2017\/11\/DSC_1184-e1511189951232-270x270.jpg 270w, https:\/\/www.plastreparationsbolaget.se\/wp-content\/uploads\/2017\/11\/DSC_1184-e1511189951232-230x230.jpg 230w\" sizes=\"auto, (max-width: 1996px) 100vw, 1996px\" \/><\/div><\/div><div id=\"pgc-424-3-4\"  class=\"panel-grid-cell panel-grid-cell-empty\" ><\/div><\/div><\/div><div id=\"pg-424-4\"  class=\"panel-grid panel-has-style\" ><div class=\"panel-row-style panel-row-style-for-424-4\" ><div id=\"pgc-424-4-0\"  class=\"panel-grid-cell panel-grid-cell-empty\" ><\/div><div id=\"pgc-424-4-1\"  class=\"panel-grid-cell\" ><div id=\"panel-424-4-1-0\" class=\"so-panel widget widget_media_image panel-first-child panel-last-child\" data-index=\"12\" ><img loading=\"lazy\" decoding=\"async\" width=\"1998\" height=\"1998\" src=\"https:\/\/www.plastreparationsbolaget.se\/wp-content\/uploads\/2017\/10\/DSC_0353-e1511179156340.jpg\" class=\"image wp-image-475  attachment-full size-full\" alt=\"\" style=\"max-width: 100%; height: auto;\" srcset=\"https:\/\/www.plastreparationsbolaget.se\/wp-content\/uploads\/2017\/10\/DSC_0353-e1511179156340.jpg 1998w, https:\/\/www.plastreparationsbolaget.se\/wp-content\/uploads\/2017\/10\/DSC_0353-e1511179156340-150x150.jpg 150w, https:\/\/www.plastreparationsbolaget.se\/wp-content\/uploads\/2017\/10\/DSC_0353-e1511179156340-300x300.jpg 300w, https:\/\/www.plastreparationsbolaget.se\/wp-content\/uploads\/2017\/10\/DSC_0353-e1511179156340-768x768.jpg 768w, https:\/\/www.plastreparationsbolaget.se\/wp-content\/uploads\/2017\/10\/DSC_0353-e1511179156340-1024x1024.jpg 1024w, https:\/\/www.plastreparationsbolaget.se\/wp-content\/uploads\/2017\/10\/DSC_0353-e1511179156340-270x270.jpg 270w, https:\/\/www.plastreparationsbolaget.se\/wp-content\/uploads\/2017\/10\/DSC_0353-e1511179156340-230x230.jpg 230w\" sizes=\"auto, (max-width: 1998px) 100vw, 1998px\" \/><\/div><\/div><div id=\"pgc-424-4-2\"  class=\"panel-grid-cell\" ><div id=\"panel-424-4-2-0\" class=\"so-panel widget widget_black-studio-tinymce widget_black_studio_tinymce panel-first-child panel-last-child\" data-index=\"13\" ><div class=\"textwidget\"><h4>Reparation av besprutningstank<\/h4>\n<p>G\u00e4ngf\u00e4stet i besprutningstanken hade spruckit vid f\u00e4stet. Risk f\u00f6r att \u00f6vriga f\u00e4sten kunde skadas.<\/p>\n<p>P\u00e5 plats hos lantbrukaren lagades sprickan med t\u00e4tningsmedel. Besprutningstanken kan anv\u00e4ndas m\u00e5nga g\u00e5nger till med tillslutet lock utan l\u00e4ckage.<\/p>\n<\/div><\/div><\/div><div id=\"pgc-424-4-3\"  class=\"panel-grid-cell panel-grid-cell-mobile-last\" ><div id=\"panel-424-4-3-0\" class=\"so-panel widget widget_media_image panel-first-child panel-last-child\" data-index=\"14\" ><img loading=\"lazy\" decoding=\"async\" width=\"1996\" height=\"1996\" src=\"https:\/\/www.plastreparationsbolaget.se\/wp-content\/uploads\/2017\/10\/DSC_0375-e1511179486996.jpg\" class=\"image wp-image-493  attachment-full size-full\" alt=\"\" style=\"max-width: 100%; height: auto;\" srcset=\"https:\/\/www.plastreparationsbolaget.se\/wp-content\/uploads\/2017\/10\/DSC_0375-e1511179486996.jpg 1996w, https:\/\/www.plastreparationsbolaget.se\/wp-content\/uploads\/2017\/10\/DSC_0375-e1511179486996-150x150.jpg 150w, https:\/\/www.plastreparationsbolaget.se\/wp-content\/uploads\/2017\/10\/DSC_0375-e1511179486996-300x300.jpg 300w, https:\/\/www.plastreparationsbolaget.se\/wp-content\/uploads\/2017\/10\/DSC_0375-e1511179486996-768x768.jpg 768w, https:\/\/www.plastreparationsbolaget.se\/wp-content\/uploads\/2017\/10\/DSC_0375-e1511179486996-1024x1024.jpg 1024w, https:\/\/www.plastreparationsbolaget.se\/wp-content\/uploads\/2017\/10\/DSC_0375-e1511179486996-270x270.jpg 270w, https:\/\/www.plastreparationsbolaget.se\/wp-content\/uploads\/2017\/10\/DSC_0375-e1511179486996-230x230.jpg 230w\" sizes=\"auto, (max-width: 1996px) 100vw, 1996px\" \/><\/div><\/div><div id=\"pgc-424-4-4\"  class=\"panel-grid-cell panel-grid-cell-empty\" ><\/div><\/div><\/div><\/div>","protected":false},"excerpt":{"rendered":"<p>Ombyggnad dieseltank MF 8450En dieseltank var utsatt f\u00f6r skada vid extrem geringsman\u00f6ver. Ett problem som riskerade att skapa l\u00e4ckage p\u00e5 dieseltanken!F\u00f6r att l\u00f6sa problemet kapades en bit p\u00e5 dieseltanken och \u00f6ppningen st\u00e4ngdes igen med nytt material och t\u00e4tningsmassa. Jobbet gjordes<\/p>\n","protected":false},"author":1,"featured_media":0,"parent":0,"menu_order":0,"comment_status":"closed","ping_status":"closed","template":"","meta":{"footnotes":""},"class_list":["post-424","page","type-page","status-publish","hentry"],"_links":{"self":[{"href":"https:\/\/www.plastreparationsbolaget.se\/index.php?rest_route=\/wp\/v2\/pages\/424","targetHints":{"allow":["GET"]}}],"collection":[{"href":"https:\/\/www.plastreparationsbolaget.se\/index.php?rest_route=\/wp\/v2\/pages"}],"about":[{"href":"https:\/\/www.plastreparationsbolaget.se\/index.php?rest_route=\/wp\/v2\/types\/page"}],"author":[{"embeddable":true,"href":"https:\/\/www.plastreparationsbolaget.se\/index.php?rest_route=\/wp\/v2\/users\/1"}],"replies":[{"embeddable":true,"href":"https:\/\/www.plastreparationsbolaget.se\/index.php?rest_route=%2Fwp%2Fv2%2Fcomments&post=424"}],"version-history":[{"count":324,"href":"https:\/\/www.plastreparationsbolaget.se\/index.php?rest_route=\/wp\/v2\/pages\/424\/revisions"}],"predecessor-version":[{"id":450,"href":"https:\/\/www.plastreparationsbolaget.se\/index.php?rest_route=\/wp\/v2\/pages\/424\/revisions\/450"}],"wp:attachment":[{"href":"https:\/\/www.plastreparationsbolaget.se\/index.php?rest_route=%2Fwp%2Fv2%2Fmedia&parent=424"}],"curies":[{"name":"wp","href":"https:\/\/api.w.org\/{rel}","templated":true}]}}